{"id":781,"date":"2017-02-09T08:45:13","date_gmt":"2017-02-09T08:45:13","guid":{"rendered":"http:\/\/dummy.xtemos.com\/basel\/vers\/?page_id=781"},"modified":"2025-10-21T22:12:44","modified_gmt":"2025-10-21T20:12:44","slug":"project","status":"publish","type":"page","link":"https:\/\/biteart.hr\/en\/project\/","title":{"rendered":"About us"},"content":{"rendered":"<div class=\"wpb-content-wrapper\"><p>[vc_row 0=&#8221;&#8221;][vc_column width=&#8221;2\/3&#8243;]\t\t\t<div id=\"gallery_518\" class=\"basel-images-gallery  spacing-0 columns-3 view-carousel\" data-owl-carousel data-wrap=\"yes\" data-autoplay=\"\" data-desktop=\"1\" data-desktop_small=\"1\" data-tablet=\"1\" data-mobile=\"1\">\n\t\t\t\t<div class=\"gallery-images owl-carousel\">\n\t\t\t\t\t\t\t\t\t\t\t\t\t\t\t\t\t\t<div class=\"basel-gallery-item\">\n\t\t\t\t\t\t\t\t\t\t\t\t\t\t\t\t\t<a href=\"https:\/\/biteart.hr\/shop\/\" data-index=\"1\" data-width=\"600\" data-height=\"600\"  >\n\t\t\t\t\t\t\t\t\t\t\t\t\t\t\t\n\t\t\t\t\t\t\t\t\t\t\t\t\t\t\t\t\t<img loading=\"lazy\" decoding=\"async\" width=\"600\" height=\"600\" src=\"https:\/\/biteart.hr\/wp-content\/uploads\/2017\/01\/BITE-ART-Ana-Seric-edible-art-project-K.jpg\" class=\"basel-gallery-image image-1 attachment-full\" alt=\"Artists Ana \u0160eri\u0107, Ana Kolega, OKO, Hrvoje Majer, Marko Tadi\u0107 and designer Izvorka Juri\u0107.\" title=\"BITE ART - Artists Ana \u0160eri\u0107, Ana Kolega, OKO, Hrvoje Majer, Marko Tadi\u0107 and designer Izvorka Juri\u0107.\" srcset=\"https:\/\/biteart.hr\/wp-content\/uploads\/2017\/01\/BITE-ART-Ana-Seric-edible-art-project-K.jpg 600w, https:\/\/biteart.hr\/wp-content\/uploads\/2017\/01\/BITE-ART-Ana-Seric-edible-art-project-K-100x100.jpg 100w\" sizes=\"auto, (max-width: 600px) 100vw, 600px\" \/>\t\t\t\t\t\t\t\t\n\t\t\t\t\t\t\t\t\t\t\t\t\t\t\t\t\t<\/a>\n\t\t\t\t\t\t\t\t\t\t\t\t\t\t\t<\/div>\n\t\t\t\t\t\t\t\t\t\t\t\t\t<div class=\"basel-gallery-item\">\n\t\t\t\t\t\t\t\t\t\t\t\t\t\t\t\t\t<a href=\"https:\/\/biteart.hr\/shop\/\" data-index=\"2\" data-width=\"600\" data-height=\"600\"  >\n\t\t\t\t\t\t\t\t\t\t\t\t\t\t\t\n\t\t\t\t\t\t\t\t\t\t\t\t\t\t\t\t\t<img loading=\"lazy\" decoding=\"async\" width=\"600\" height=\"600\" src=\"https:\/\/biteart.hr\/wp-content\/uploads\/2017\/02\/BITE-ART-Ana-Seric-portrait.jpg\" class=\"basel-gallery-image image-2 attachment-full\" alt=\"Ana Seric portrait\" title=\"BITE-ART-Ana-Seric-portrait\" srcset=\"https:\/\/biteart.hr\/wp-content\/uploads\/2017\/02\/BITE-ART-Ana-Seric-portrait.jpg 600w, https:\/\/biteart.hr\/wp-content\/uploads\/2017\/02\/BITE-ART-Ana-Seric-portrait-100x100.jpg 100w\" sizes=\"auto, (max-width: 600px) 100vw, 600px\" \/>\t\t\t\t\t\t\t\t\n\t\t\t\t\t\t\t\t\t\t\t\t\t\t\t\t\t<\/a>\n\t\t\t\t\t\t\t\t\t\t\t\t\t\t\t<\/div>\n\t\t\t\t\t\t\t\t\t\t\t\t\t<div class=\"basel-gallery-item\">\n\t\t\t\t\t\t\t\t\t\t\t\t\t\t\t\t\t<a href=\"https:\/\/biteart.hr\/shop\/\" data-index=\"3\" data-width=\"600\" data-height=\"600\"  >\n\t\t\t\t\t\t\t\t\t\t\t\t\t\t\t\n\t\t\t\t\t\t\t\t\t\t\t\t\t\t\t\t\t<img loading=\"lazy\" decoding=\"async\" width=\"600\" height=\"600\" src=\"https:\/\/biteart.hr\/wp-content\/uploads\/2017\/01\/BITEART-Ana-Seric_edible-art-project.jpg\" class=\"basel-gallery-image image-3 attachment-full\" alt=\"BITE ART Ana Seric edible art project\" title=\"BITE ART Ana Seric edible art project\" srcset=\"https:\/\/biteart.hr\/wp-content\/uploads\/2017\/01\/BITEART-Ana-Seric_edible-art-project.jpg 600w, https:\/\/biteart.hr\/wp-content\/uploads\/2017\/01\/BITEART-Ana-Seric_edible-art-project-100x100.jpg 100w\" sizes=\"auto, (max-width: 600px) 100vw, 600px\" \/>\t\t\t\t\t\t\t\t\n\t\t\t\t\t\t\t\t\t\t\t\t\t\t\t\t\t<\/a>\n\t\t\t\t\t\t\t\t\t\t\t\t\t\t\t<\/div>\n\t\t\t\t\t\t\t\t\t\t\t\t\t\t\t<\/div>\n\t\t\t<\/div>\n\t\t\t\t\t[\/vc_column][vc_column width=&#8221;1\/3&#8243;]<div class=\"title-wrapper  basel-title-color-default basel-title-style-default basel-title-size-default text-left \"><div class=\"liner-continer\"> <span class=\"left-line\"><\/span> <h4 class=\"title\" ><strong>ANA \u0160ERI\u0106 Edible Art Project<\/strong><span class=\"title-separator\"><span><\/span><\/span><\/h4> <span class=\"right-line\"><\/span> <\/div><\/div>[vc_column_text css=&#8221;.vc_custom_1508098623558{padding-right: 30px !important;padding-left: 30px !important;}&#8221;]<\/p>\n<p style=\"text-align: left;\"><b>BITE ART<\/b> are unique art-cookies created by artist Ana \u0160eri\u0107 as part of her \u201cEdible art\u201d project and aimed to promote Croatia in a single but impressive product.<\/p>\n<blockquote>\n<p style=\"text-align: left;\">They are traditional cookies taken to a new level &#8211; enriched with reproductions of Croatian artworks and transformed into an interactive souvenir that affects the senses and touches the heart.<\/p>\n<\/blockquote>\n<p>[\/vc_column_text][vc_single_image image=&#8221;1516&#8243; img_size=&#8221;full&#8221;][\/vc_column][\/vc_row][vc_section 0=&#8221;&#8221;][vc_row 0=&#8221;&#8221;][vc_column][vc_column_text 0=&#8221;&#8221;]Ana \u0160eri\u0107 graduated from the Academy of Fine Arts in Zagreb. In her art projects, she is often concerned with the idea of art and artist\u2019s role in society. In 2009 the project named <strong>Edible Art<\/strong> was created as part of which Ana, so to say, sends a message to artists to get involved in production of edible art because they had been \u201cbelow the breadline\u201d for quite some time. At the same time, she asks the question \u201cWho is art for?\u201d.<\/p>\n<p><strong>BITE ART <\/strong>is a follow-up of Edible Art Project. It\u2019s a product offered to anyone bold enough to take a bite.<\/p>\n<p>BITE ART collections feature a selection of Croatian artists such as Ana Kolega, Hrvoje Majer, OKO and Marko Tadi\u0107 as well as masterpieces of our renowned painters \u2013 Ivan Rabuzin, Ivan Ve\u010denaj and Vlaho Bukovac.<\/p>\n<p>We recommend BITE ART as an ideal corporation or diplomatic gift, a souvenir that brings art into the private and business interiors. In each BITE ART package there is a certificate which proves the artwork authenticity and it has been approved by the artists themselves or their heirs.[\/vc_column_text][\/vc_column][\/vc_row][vc_row 0=&#8221;&#8221;][vc_column 0=&#8221;&#8221;][vc_empty_space height=&#8221;20px&#8221;][vc_images_carousel images=&#8221;4429,4431,4433,4435,1429,1401&#8243; img_size=&#8221;full&#8221; onclick=&#8221;custom_link&#8221; speed=&#8221;2000&#8243; wrap=&#8221;yes&#8221; custom_links=&#8221;\/shop\/,\/shop\/,\/shop\/,\/shop\/,\/shop\/,\/shop\/,\/shop\/,\/shop\/&#8221;][vc_separator 0=&#8221;&#8221;][\/vc_column][\/vc_row][vc_row 0=&#8221;&#8221;][vc_column width=&#8221;1\/3&#8243;][\/vc_column][vc_column width=&#8221;1\/3&#8243;][vc_column_text 0=&#8221;&#8221;]The idea of the BITE ART project is to become a platform whose aim is, through this website, to keep both Croatian and world public informed about the activities of the Croatian artists whose works have been included in the project\u2019s collection.<\/p>\n<blockquote><p>Follow\u00a0<a href=\"https:\/\/biteart.hr\/en\/bite-art-blog\/\"><strong>BITE ART BLOG<\/strong><\/a>\u00a0and find out more.<\/p><\/blockquote>\n<p>[\/vc_column_text][\/vc_column][vc_column width=&#8221;1\/3&#8243;][\/vc_column][\/vc_row][vc_row el_id=&#8221;store&#8221;][vc_column 0=&#8221;&#8221;][vc_separator 0=&#8221;&#8221;]<div class=\"title-wrapper  basel-title-color-default basel-title-style-default basel-title-size-default text-left \"><div class=\"liner-continer\"> <span class=\"left-line\"><\/span> <h4 class=\"title\" ><strong>OUR STORES<\/strong><span class=\"title-separator\"><span><\/span><\/span><\/h4> <span class=\"right-line\"><\/span> <\/div><\/div>[\/vc_column][\/vc_row][vc_row 0=&#8221;&#8221;][vc_column width=&#8221;1\/3&#8243;][vc_single_image image=&#8221;1733&#8243; img_size=&#8221;full&#8221;][vc_column_text 0=&#8221;&#8221;]Feel free to contact us at <a href=\"mailto:hello@biteart.hr\">hello@biteart.hr<\/a> if you want to know more about our story.[\/vc_column_text][\/vc_column][vc_column width=&#8221;1\/3&#8243;][vc_column_text 0=&#8221;&#8221;]<strong>ZAGREB<\/strong><br \/>\n<u>BITE ART d.o.o.\u00a0<\/u><br \/>\nVodovodna 20a<br \/>\n(with prior notice)<br \/>\n+385914483251<\/p>\n<p>Aelia duty free shop<br \/>\nLocated in:\u00a0<span style=\"text-decoration: underline; color: #0000ff;\"><a style=\"color: #0000ff; text-decoration: underline;\" href=\"https:\/\/www.google.com\/maps\/place\/Franjo+Tu%C4%91man+Airport+Zagreb\/@45.7407504,16.0652479,17z\/data=!3m1!4b1!4m5!3m4!1s0x47667ee85c7fab29:0x9ef60b3c28e288f6!8m2!3d45.7407504!4d16.0674366\" target=\"_blank\" rel=\"noopener\">Franjo Tu\u0111man Airport Zagreb<\/a><\/span><br \/>\nAelia Duty Free Zagreb, <span style=\"text-decoration: underline;\"><span style=\"color: #0000ff;\"><a style=\"color: #0000ff; text-decoration: underline;\" href=\"https:\/\/www.google.com\/maps\/place\/Ul.+Rudolfa+Fizira+21,+10410,+Velika+Gorica\/@45.7384251,16.0764097,17z\/data=!3m1!4b1!4m5!3m4!1s0x47667e94fa44fde7:0x6d84a9014870a1d5!8m2!3d45.7384251!4d16.0785984\" target=\"_blank\" rel=\"noopener\">Ul. Rudolfa Fizira 21<\/a><\/span><\/span><\/p>\n<p>TAKE ME HOME<br \/>\nCroatian Design Shop<br \/>\n<span style=\"text-decoration: underline;\"><span style=\"color: #0000ff;\"><a style=\"color: #0000ff; text-decoration: underline;\" href=\"https:\/\/www.google.com\/maps\/place\/Tomi%C4%87eva+ul.+4,+10000,+Zagreb\/@45.8137174,15.9709867,17z\/data=!3m1!4b1!4m5!3m4!1s0x4765d6fd38fa6f4f:0x4c1f4df011d0203e!8m2!3d45.8137137!4d15.9731754\" target=\"_blank\" rel=\"noopener\">Tomi\u0107eva 4<\/a><\/span><\/span><\/p>\n<p>MUZEJ SUVREMENE UMJETNOSTI<br \/>\n<a href=\"https:\/\/www.google.com\/maps\/place\/Avenija+Dubrovnik+17,+10000,+Zagreb\/@45.778739,15.9795782,17z\/data=!3m1!4b1!4m5!3m4!1s0x4765d677217bfc67:0x71feb720eec8b79a!8m2!3d45.7787353!4d15.9817669\" target=\"_blank\" rel=\"noopener\"><span style=\"text-decoration: underline;\"><span style=\"color: #0000ff; text-decoration: underline;\">Avenija Dubrovnik 17<\/span><\/span><\/a>[\/vc_column_text][\/vc_column][vc_column width=&#8221;1\/3&#8243;][vc_column_text 0=&#8221;&#8221;]<strong>RIJEKA<\/strong><\/p>\n<p>CROATIA IN A BOX<br \/>\n<a href=\"https:\/\/www.google.com\/maps\/place\/Grivica+ul.,+51000,+Rijeka\/@45.3275854,14.4422686,17z\/data=!3m1!4b1!4m5!3m4!1s0x4764a0e278f2407f:0xbef2d83ba51f2816!8m2!3d45.3275816!4d14.4444573\" target=\"_blank\" rel=\"noopener\"><span style=\"text-decoration: underline; color: #0000ff;\">Grivica ulica<\/span><\/a><\/p>\n<p><strong>OPATIJA<\/strong><\/p>\n<p>Nu Shu Concept StoreTop of Form<br \/>\n<span style=\"text-decoration: underline;\"><span style=\"color: #0000ff;\"><a style=\"color: #0000ff; text-decoration: underline;\" href=\"https:\/\/www.google.com\/maps\/place\/Ul.+Mar%C5%A1ala+Tita+101,+51410,+Opatija\/@45.3351085,14.305045,17z\/data=!3m1!4b1!4m5!3m4!1s0x4764a8777a19ec09:0x4451de8ca5281073!8m2!3d45.3351047!4d14.3072337\" target=\"_blank\" rel=\"noopener\">M, Ul. Mar\u0161ala Tita 101-3<\/a><\/span><\/span><\/p>\n<p><strong>HVAR<br \/>\n<\/strong>Galerija Hvaroom<br \/>\n<a href=\"https:\/\/www.google.com\/maps\/place\/Galerija+Hvaroom\/@43.172136,16.4398394,17z\/data=!3m1!4b1!4m5!3m4!1s0x133581876a9dfe3b:0x3c8d8e23d7103d9e!8m2!3d43.1721321!4d16.4420281\" target=\"_blank\" rel=\"noopener\"><span style=\"text-decoration: underline;\"><span style=\"color: #0000ff; text-decoration: underline;\">Stjepana Papafave 2<\/span><\/span><\/a>[\/vc_column_text][\/vc_column][\/vc_row][\/vc_section][vc_row][vc_column][vc_separator 0=&#8221;&#8221;]<div class=\"basel-button-wrapper text-center\"><a href=\"https:\/\/biteart.hr\/en\/shop\/\" title=\"\" class=\"btn btn-color-default btn-style-bordered btn-size-large\">GET YOUR PACK<\/a><\/div>[vc_empty_space][vc_separator 0=&#8221;&#8221;][\/vc_column][\/vc_row]<\/p>\n<\/div>","protected":false},"excerpt":{"rendered":"<p>[vc_row 0=&#8221;&#8221;][vc_column width=&#8221;2\/3&#8243;][\/vc_column][vc_column width=&#8221;1\/3&#8243;][vc_column_text css=&#8221;.vc_custom_1508098623558{padding-right: 30px !important;padding-left: 30px !important;}&#8221;] BITE ART are unique art-cookies created by artist Ana \u0160eri\u0107 as<\/p>\n","protected":false},"author":4,"featured_media":0,"parent":0,"menu_order":0,"comment_status":"closed","ping_status":"closed","template":"","meta":{"footnotes":"","_links_to":"","_links_to_target":""},"class_list":["post-781","page","type-page","status-publish","hentry"],"aioseo_notices":[],"jetpack_sharing_enabled":true,"_links":{"self":[{"href":"https:\/\/biteart.hr\/en\/wp-json\/wp\/v2\/pages\/781","targetHints":{"allow":["GET"]}}],"collection":[{"href":"https:\/\/biteart.hr\/en\/wp-json\/wp\/v2\/pages"}],"about":[{"href":"https:\/\/biteart.hr\/en\/wp-json\/wp\/v2\/types\/page"}],"author":[{"embeddable":true,"href":"https:\/\/biteart.hr\/en\/wp-json\/wp\/v2\/users\/4"}],"replies":[{"embeddable":true,"href":"https:\/\/biteart.hr\/en\/wp-json\/wp\/v2\/comments?post=781"}],"version-history":[{"count":3,"href":"https:\/\/biteart.hr\/en\/wp-json\/wp\/v2\/pages\/781\/revisions"}],"predecessor-version":[{"id":6506,"href":"https:\/\/biteart.hr\/en\/wp-json\/wp\/v2\/pages\/781\/revisions\/6506"}],"wp:attachment":[{"href":"https:\/\/biteart.hr\/en\/wp-json\/wp\/v2\/media?parent=781"}],"curies":[{"name":"wp","href":"https:\/\/api.w.org\/{rel}","templated":true}]}}